{"id":4674,"date":"2017-11-04T00:30:56","date_gmt":"2017-11-03T23:30:56","guid":{"rendered":"https:\/\/ibi.salesianos.edu\/colegio\/?page_id=4674"},"modified":"2023-03-13T13:30:03","modified_gmt":"2023-03-13T12:30:03","slug":"ampas","status":"publish","type":"page","link":"https:\/\/ibi.salesianos.edu\/colegio\/ampas\/","title":{"rendered":"ampas"},"content":{"rendered":"<div id=\"fb-root\"><\/div>\n<p>[et_pb_section fb_built=\u00bb1&#8243; fullwidth=\u00bbon\u00bb _builder_version=\u00bb4.16&#8243; global_colors_info=\u00bb{}\u00bb][et_pb_fullwidth_header title=\u00bbAMPAS\u00bb title_font_color=\u00bb#ffffff\u00bb module_class=\u00bbpagina-imagen-cabecera\u00bb _builder_version=\u00bb4.20.2&#8243; title_font_size=\u00bb40px\u00bb background_color=\u00bbrgba(255, 255, 255, 0)\u00bb background_image=\u00bbhttps:\/\/ibi.salesianos.edu\/colegio\/wp-content\/uploads\/sites\/4\/2023\/03\/24.jpg\u00bb background_layout=\u00bblight\u00bb hover_enabled=\u00bb0&#8243; background_url=\u00bbhttps:\/\/alicante.salesianos.edu\/colegio\/wp-content\/uploads\/sites\/2\/2017\/03\/Archivo_002-1.jpeg\u00bb global_colors_info=\u00bb{}\u00bb button_one_text_size__hover_enabled=\u00bboff\u00bb button_two_text_size__hover_enabled=\u00bboff\u00bb button_one_text_color__hover_enabled=\u00bboff\u00bb button_two_text_color__hover_enabled=\u00bboff\u00bb button_one_border_width__hover_enabled=\u00bboff\u00bb button_two_border_width__hover_enabled=\u00bboff\u00bb button_one_border_color__hover_enabled=\u00bboff\u00bb button_two_border_color__hover_enabled=\u00bboff\u00bb button_one_border_radius__hover_enabled=\u00bboff\u00bb button_two_border_radius__hover_enabled=\u00bboff\u00bb button_one_letter_spacing__hover_enabled=\u00bboff\u00bb button_two_letter_spacing__hover_enabled=\u00bboff\u00bb button_one_bg_color__hover_enabled=\u00bboff\u00bb button_two_bg_color__hover_enabled=\u00bboff\u00bb title_text=\u00bb24&#8243; sticky_enabled=\u00bb0&#8243;][\/et_pb_fullwidth_header][\/et_pb_section][et_pb_section fb_built=\u00bb1&#8243; module_class=\u00bbpagina-seccion-contenido\u00bb _builder_version=\u00bb4.16&#8243; custom_padding=\u00bb0%|0px|50px|\u00bb global_colors_info=\u00bb{}\u00bb][et_pb_row module_class=\u00bbpagina-texto\u00bb _builder_version=\u00bb4.16&#8243; background_size=\u00bbinitial\u00bb background_position=\u00bbtop_left\u00bb background_repeat=\u00bbrepeat\u00bb custom_margin=\u00bb25px|||\u00bb custom_padding=\u00bb25px|0px|0px|0px\u00bb global_colors_info=\u00bb{}\u00bb column_structure=\u00bb2_3,1_3&#8243;][et_pb_column type=\u00bb2_3&#8243; _builder_version=\u00bb4.16&#8243; custom_padding=\u00bb|||\u00bb global_colors_info=\u00bb{}\u00bb custom_padding__hover=\u00bb|||\u00bb][et_pb_text _builder_version=\u00bb4.16&#8243; background_size=\u00bbinitial\u00bb background_position=\u00bbtop_left\u00bb background_repeat=\u00bbrepeat\u00bb global_colors_info=\u00bb{}\u00bb]<\/p>\n<p class=\"paginaCuerpo\">Las madres y padres, somos los primeros responsables de la educaci\u00f3n de nuestros hijos y tenemos como principal<\/p>\n<p class=\"paginaCuerpo\"><strong><span class=\"paginaTituloSeccion\">OBJETIVO<\/span><\/strong><\/p>\n<p class=\"paginaCuerpo\">Favorecer a trav\u00e9s de la familia una actitud adecuada, promover la relaci\u00f3n positiva entre familia-escuela, colaborar en la buena marcha del Centro e impulsar y organizar actividades asociativas y complementarias para la formaci\u00f3n integral de nuestros hijos e hijas.<\/p>\n<p class=\"paginaTituloSeccion\"><strong>PARA ELLO:<\/strong><\/p>\n<ul>\n<li class=\"paginaCuerpo\"><span class=\"paginaCuerpo\">Creamos un clima familiar de libertad y afecto.<\/span><\/li>\n<li class=\"paginaCuerpo\">Valoramos ante nuestros hijos la buena imagen del colegio y de sus educadores y educadoras.<\/li>\n<li class=\"paginaCuerpo\">Nos preocupamos de su formaci\u00f3n.<\/li>\n<li class=\"paginaCuerpo\">Fomentamos los valores que nos ofrece el proyecto educativo elegido.<\/li>\n<li class=\"paginaCuerpo\">Servimos de enlace entre todos los miembros de la Comunidad Educativa, con la disponibilidad para las tareas y el desempe\u00f1o de cargos dentro del Centro, ofreciendo nuestro tiempo libre.<\/li>\n<li class=\"paginaCuerpo\">Organizamos actividades tanto a nivel educativo como l\u00fadico-culturales, que desarrollen en nuestros hijos e hijas sus valores humanos personales.<\/li>\n<\/ul>\n<p>[\/et_pb_text][et_pb_text _builder_version=\u00bb4.16&#8243; background_color=\u00bb#e02b20&#8243; text_orientation=\u00bbcenter\u00bb background_layout=\u00bbdark\u00bb module_alignment=\u00bbcenter\u00bb global_colors_info=\u00bb{}\u00bb]<\/p>\n<h2><strong>CITA PREVIA<br \/>\n<\/strong><\/h2>\n<p>[\/et_pb_text][et_pb_contact_form email=\u00bbampas.ibi@salesianos.edu\u00bb submit_button_text=\u00bbEnviar\u00bb module_id=\u00bbet_pb_contact_form_0&#8243; _builder_version=\u00bb4.16&#8243; _unique_id=\u00bb81176e89-1903-4b16-947a-50869eb7912b\u00bb global_colors_info=\u00bb{}\u00bb][et_pb_contact_field field_id=\u00bbName\u00bb field_title=\u00bbNombre\u00bb _builder_version=\u00bb4.16&#8243; global_colors_info=\u00bb{}\u00bb button_text_size__hover_enabled=\u00bboff\u00bb button_one_text_size__hover_enabled=\u00bboff\u00bb button_two_text_size__hover_enabled=\u00bboff\u00bb button_text_color__hover_enabled=\u00bboff\u00bb button_one_text_color__hover_enabled=\u00bboff\u00bb button_two_text_color__hover_enabled=\u00bboff\u00bb button_border_width__hover_enabled=\u00bboff\u00bb button_one_border_width__hover_enabled=\u00bboff\u00bb button_two_border_width__hover_enabled=\u00bboff\u00bb button_border_color__hover_enabled=\u00bboff\u00bb button_one_border_color__hover_enabled=\u00bboff\u00bb button_two_border_color__hover_enabled=\u00bboff\u00bb button_border_radius__hover_enabled=\u00bboff\u00bb button_one_border_radius__hover_enabled=\u00bboff\u00bb button_two_border_radius__hover_enabled=\u00bboff\u00bb button_letter_spacing__hover_enabled=\u00bboff\u00bb button_one_letter_spacing__hover_enabled=\u00bboff\u00bb button_two_letter_spacing__hover_enabled=\u00bboff\u00bb button_bg_color__hover_enabled=\u00bboff\u00bb button_one_bg_color__hover_enabled=\u00bboff\u00bb button_two_bg_color__hover_enabled=\u00bboff\u00bb][\/et_pb_contact_field][et_pb_contact_field field_id=\u00bbEmail\u00bb field_title=\u00bbDirecci\u00f3n de correo electr\u00f3nico\u00bb field_type=\u00bbemail\u00bb _builder_version=\u00bb4.16&#8243; global_colors_info=\u00bb{}\u00bb button_text_size__hover_enabled=\u00bboff\u00bb button_one_text_size__hover_enabled=\u00bboff\u00bb button_two_text_size__hover_enabled=\u00bboff\u00bb button_text_color__hover_enabled=\u00bboff\u00bb button_one_text_color__hover_enabled=\u00bboff\u00bb button_two_text_color__hover_enabled=\u00bboff\u00bb button_border_width__hover_enabled=\u00bboff\u00bb button_one_border_width__hover_enabled=\u00bboff\u00bb button_two_border_width__hover_enabled=\u00bboff\u00bb button_border_color__hover_enabled=\u00bboff\u00bb button_one_border_color__hover_enabled=\u00bboff\u00bb button_two_border_color__hover_enabled=\u00bboff\u00bb button_border_radius__hover_enabled=\u00bboff\u00bb button_one_border_radius__hover_enabled=\u00bboff\u00bb button_two_border_radius__hover_enabled=\u00bboff\u00bb button_letter_spacing__hover_enabled=\u00bboff\u00bb button_one_letter_spacing__hover_enabled=\u00bboff\u00bb button_two_letter_spacing__hover_enabled=\u00bboff\u00bb button_bg_color__hover_enabled=\u00bboff\u00bb button_one_bg_color__hover_enabled=\u00bboff\u00bb button_two_bg_color__hover_enabled=\u00bboff\u00bb][\/et_pb_contact_field][et_pb_contact_field field_id=\u00bbMessage\u00bb field_title=\u00bbMensaje\u00bb field_type=\u00bbtext\u00bb fullwidth_field=\u00bbon\u00bb _builder_version=\u00bb4.16&#8243; global_colors_info=\u00bb{}\u00bb button_text_size__hover_enabled=\u00bboff\u00bb button_one_text_size__hover_enabled=\u00bboff\u00bb button_two_text_size__hover_enabled=\u00bboff\u00bb button_text_color__hover_enabled=\u00bboff\u00bb button_one_text_color__hover_enabled=\u00bboff\u00bb button_two_text_color__hover_enabled=\u00bboff\u00bb button_border_width__hover_enabled=\u00bboff\u00bb button_one_border_width__hover_enabled=\u00bboff\u00bb button_two_border_width__hover_enabled=\u00bboff\u00bb button_border_color__hover_enabled=\u00bboff\u00bb button_one_border_color__hover_enabled=\u00bboff\u00bb button_two_border_color__hover_enabled=\u00bboff\u00bb button_border_radius__hover_enabled=\u00bboff\u00bb button_one_border_radius__hover_enabled=\u00bboff\u00bb button_two_border_radius__hover_enabled=\u00bboff\u00bb button_letter_spacing__hover_enabled=\u00bboff\u00bb button_one_letter_spacing__hover_enabled=\u00bboff\u00bb button_two_letter_spacing__hover_enabled=\u00bboff\u00bb button_bg_color__hover_enabled=\u00bboff\u00bb button_one_bg_color__hover_enabled=\u00bboff\u00bb button_two_bg_color__hover_enabled=\u00bboff\u00bb][\/et_pb_contact_field][\/et_pb_contact_form][\/et_pb_column][et_pb_column type=\u00bb1_3&#8243; _builder_version=\u00bb4.16&#8243; custom_padding=\u00bb|||\u00bb global_colors_info=\u00bb{}\u00bb custom_padding__hover=\u00bb|||\u00bb][et_pb_text _builder_version=\u00bb4.16&#8243; global_colors_info=\u00bb{}\u00bb]<\/p>\n<h2>JUNTA DE AMPAS<\/h2>\n<p>[\/et_pb_text][et_pb_text _builder_version=\u00bb4.16&#8243; text_font=\u00bbCalligraffitti||||||||\u00bb background_color_gradient_direction=\u00bb243deg\u00bb background_blend=\u00bbsoft-light\u00bb module_alignment=\u00bbcenter\u00bb custom_padding=\u00bb|||20px\u00bb global_colors_info=\u00bb{}\u00bb]<\/p>\n<p class=\"paginaCuerpo\"><strong>Presidenta:<\/strong>\u00a0Anabel Herrero<\/p>\n<p class=\"paginaCuerpo\"><strong>Vice-presidenta:<\/strong> M\u00aa Jos\u00e9 Herrero<\/p>\n<p class=\"paginaCuerpo\"><strong>Secretaria:<\/strong> Amparo Pic\u00f3<\/p>\n<p class=\"paginaCuerpo\"><strong>Tesorera:<\/strong> Sol Mart\u00ed<\/p>\n<p class=\"paginaCuerpo\"><strong>Vocales:<\/strong> Eva Hita, Arantxa Monreal, Ver\u00f3nica Guillem, M\u00f3nica Cort\u00e9s, Nuria Roca y Rosa Pons<\/p>\n<p>[\/et_pb_text][et_pb_cta title=\u00bbHorario de atenci\u00f3n\u00bb _builder_version=\u00bb4.16&#8243; background_image=\u00bbhttps:\/\/ibi.salesianos.edu\/colegio\/wp-content\/uploads\/sites\/4\/2017\/08\/cabecera_pagina.png\u00bb background_position=\u00bbcenter_left\u00bb global_colors_info=\u00bb{}\u00bb button_text_size__hover_enabled=\u00bboff\u00bb button_one_text_size__hover_enabled=\u00bboff\u00bb button_two_text_size__hover_enabled=\u00bboff\u00bb button_text_color__hover_enabled=\u00bboff\u00bb button_one_text_color__hover_enabled=\u00bboff\u00bb button_two_text_color__hover_enabled=\u00bboff\u00bb button_border_width__hover_enabled=\u00bboff\u00bb button_one_border_width__hover_enabled=\u00bboff\u00bb button_two_border_width__hover_enabled=\u00bboff\u00bb button_border_color__hover_enabled=\u00bboff\u00bb button_one_border_color__hover_enabled=\u00bboff\u00bb button_two_border_color__hover_enabled=\u00bboff\u00bb button_border_radius__hover_enabled=\u00bboff\u00bb button_one_border_radius__hover_enabled=\u00bboff\u00bb button_two_border_radius__hover_enabled=\u00bboff\u00bb button_letter_spacing__hover_enabled=\u00bboff\u00bb button_one_letter_spacing__hover_enabled=\u00bboff\u00bb button_two_letter_spacing__hover_enabled=\u00bboff\u00bb button_bg_color__hover_enabled=\u00bboff\u00bb button_one_bg_color__hover_enabled=\u00bboff\u00bb button_two_bg_color__hover_enabled=\u00bboff\u00bb]<strong>Jueves de 17:00 a 18:00<\/strong> (despacho AMPAS primera planta)<\/p>\n<p><strong>ampas.ibi@salesianos.edu<\/strong><br \/>\n[\/et_pb_cta][\/et_pb_column][\/et_pb_row][et_pb_row disabled_on=\u00bbon|on|on\u00bb _builder_version=\u00bb4.16&#8243; custom_padding=\u00bb50px|0px|25.7333px|0px\u00bb disabled=\u00bbon\u00bb global_colors_info=\u00bb{}\u00bb][et_pb_column type=\u00bb4_4&#8243; _builder_version=\u00bb4.16&#8243; custom_padding=\u00bb|||\u00bb global_colors_info=\u00bb{}\u00bb custom_padding__hover=\u00bb|||\u00bb][et_pb_gallery _builder_version=\u00bb4.16&#8243; pagination_font_size_tablet=\u00bb51&#8243; pagination_line_height_tablet=\u00bb2&#8243; global_colors_info=\u00bb{}\u00bb][\/et_pb_gallery][\/et_pb_column][\/et_pb_row][\/et_pb_section]<\/p>\n<!-- AddThis Advanced Settings generic via filter on the_content --><!-- AddThis Share Buttons generic via filter on the_content -->","protected":false},"excerpt":{"rendered":"<p>Las madres y padres, somos los primeros responsables de la educaci\u00f3n de nuestros hijos y tenemos como principal OBJETIVO Favorecer a trav\u00e9s de la familia una actitud adecuada, promover la relaci\u00f3n positiva entre familia-escuela, colaborar en la buena marcha del Centro e impulsar y organizar actividades asociativas y complementarias para la formaci\u00f3n integral de nuestros [&hellip;]<\/p>\n<p><!-- AddThis Advanced Settings generic via filter on get_the_excerpt --><!-- AddThis Share Buttons generic via filter on get_the_excerpt --><\/p>\n","protected":false},"author":3,"featured_media":0,"parent":0,"menu_order":0,"comment_status":"closed","ping_status":"closed","template":"","meta":{"_et_pb_use_builder":"on","_et_pb_old_content":"","_et_gb_content_width":"","om_disable_all_campaigns":false,"footnotes":""},"class_list":["post-4674","page","type-page","status-publish","hentry"],"yoast_head":"<!-- This site is optimized with the Yoast SEO plugin v27.4 - https:\/\/yoast.com\/product\/yoast-seo-wordpress\/ -->\n<title>ampas - Colegio<\/title>\n<meta name=\"robots\" content=\"index, follow, max-snippet:-1, max-image-preview:large, max-video-preview:-1\" \/>\n<link rel=\"canonical\" href=\"https:\/\/ibi.salesianos.edu\/colegio\/ampas\/\" \/>\n<meta property=\"og:locale\" content=\"es_ES\" \/>\n<meta property=\"og:type\" content=\"article\" \/>\n<meta property=\"og:title\" content=\"ampas - Colegio\" \/>\n<meta property=\"og:description\" content=\"Las madres y padres, somos los primeros responsables de la educaci\u00f3n de nuestros hijos y tenemos como principal OBJETIVO Favorecer a trav\u00e9s de la familia una actitud adecuada, promover la relaci\u00f3n positiva entre familia-escuela, colaborar en la buena marcha del Centro e impulsar y organizar actividades asociativas y complementarias para la formaci\u00f3n integral de nuestros [&hellip;]\" \/>\n<meta property=\"og:url\" content=\"https:\/\/ibi.salesianos.edu\/colegio\/ampas\/\" \/>\n<meta property=\"og:site_name\" content=\"Colegio\" \/>\n<meta property=\"article:modified_time\" content=\"2023-03-13T12:30:03+00:00\" \/>\n<meta name=\"twitter:card\" content=\"summary_large_image\" \/>\n<meta name=\"twitter:label1\" content=\"Tiempo de lectura\" \/>\n\t<meta name=\"twitter:data1\" content=\"2 minutos\" \/>\n<script type=\"application\/ld+json\" class=\"yoast-schema-graph\">{\"@context\":\"https:\\\/\\\/schema.org\",\"@graph\":[{\"@type\":\"WebPage\",\"@id\":\"https:\\\/\\\/ibi.salesianos.edu\\\/colegio\\\/ampas\\\/\",\"url\":\"https:\\\/\\\/ibi.salesianos.edu\\\/colegio\\\/ampas\\\/\",\"name\":\"ampas - Colegio\",\"isPartOf\":{\"@id\":\"https:\\\/\\\/ibi.salesianos.edu\\\/colegio\\\/#website\"},\"datePublished\":\"2017-11-03T23:30:56+00:00\",\"dateModified\":\"2023-03-13T12:30:03+00:00\",\"breadcrumb\":{\"@id\":\"https:\\\/\\\/ibi.salesianos.edu\\\/colegio\\\/ampas\\\/#breadcrumb\"},\"inLanguage\":\"es\",\"potentialAction\":[{\"@type\":\"ReadAction\",\"target\":[\"https:\\\/\\\/ibi.salesianos.edu\\\/colegio\\\/ampas\\\/\"]}]},{\"@type\":\"BreadcrumbList\",\"@id\":\"https:\\\/\\\/ibi.salesianos.edu\\\/colegio\\\/ampas\\\/#breadcrumb\",\"itemListElement\":[{\"@type\":\"ListItem\",\"position\":1,\"name\":\"Portada\",\"item\":\"https:\\\/\\\/ibi.salesianos.edu\\\/colegio\\\/\"},{\"@type\":\"ListItem\",\"position\":2,\"name\":\"ampas\"}]},{\"@type\":\"WebSite\",\"@id\":\"https:\\\/\\\/ibi.salesianos.edu\\\/colegio\\\/#website\",\"url\":\"https:\\\/\\\/ibi.salesianos.edu\\\/colegio\\\/\",\"name\":\"Colegio\",\"description\":\"P\u00e1gina oficial de Salesianos Ibi\",\"potentialAction\":[{\"@type\":\"SearchAction\",\"target\":{\"@type\":\"EntryPoint\",\"urlTemplate\":\"https:\\\/\\\/ibi.salesianos.edu\\\/colegio\\\/?s={search_term_string}\"},\"query-input\":{\"@type\":\"PropertyValueSpecification\",\"valueRequired\":true,\"valueName\":\"search_term_string\"}}],\"inLanguage\":\"es\"}]}<\/script>\n<!-- \/ Yoast SEO plugin. -->","yoast_head_json":{"title":"ampas - Colegio","robots":{"index":"index","follow":"follow","max-snippet":"max-snippet:-1","max-image-preview":"max-image-preview:large","max-video-preview":"max-video-preview:-1"},"canonical":"https:\/\/ibi.salesianos.edu\/colegio\/ampas\/","og_locale":"es_ES","og_type":"article","og_title":"ampas - Colegio","og_description":"Las madres y padres, somos los primeros responsables de la educaci\u00f3n de nuestros hijos y tenemos como principal OBJETIVO Favorecer a trav\u00e9s de la familia una actitud adecuada, promover la relaci\u00f3n positiva entre familia-escuela, colaborar en la buena marcha del Centro e impulsar y organizar actividades asociativas y complementarias para la formaci\u00f3n integral de nuestros [&hellip;]","og_url":"https:\/\/ibi.salesianos.edu\/colegio\/ampas\/","og_site_name":"Colegio","article_modified_time":"2023-03-13T12:30:03+00:00","twitter_card":"summary_large_image","twitter_misc":{"Tiempo de lectura":"2 minutos"},"schema":{"@context":"https:\/\/schema.org","@graph":[{"@type":"WebPage","@id":"https:\/\/ibi.salesianos.edu\/colegio\/ampas\/","url":"https:\/\/ibi.salesianos.edu\/colegio\/ampas\/","name":"ampas - Colegio","isPartOf":{"@id":"https:\/\/ibi.salesianos.edu\/colegio\/#website"},"datePublished":"2017-11-03T23:30:56+00:00","dateModified":"2023-03-13T12:30:03+00:00","breadcrumb":{"@id":"https:\/\/ibi.salesianos.edu\/colegio\/ampas\/#breadcrumb"},"inLanguage":"es","potentialAction":[{"@type":"ReadAction","target":["https:\/\/ibi.salesianos.edu\/colegio\/ampas\/"]}]},{"@type":"BreadcrumbList","@id":"https:\/\/ibi.salesianos.edu\/colegio\/ampas\/#breadcrumb","itemListElement":[{"@type":"ListItem","position":1,"name":"Portada","item":"https:\/\/ibi.salesianos.edu\/colegio\/"},{"@type":"ListItem","position":2,"name":"ampas"}]},{"@type":"WebSite","@id":"https:\/\/ibi.salesianos.edu\/colegio\/#website","url":"https:\/\/ibi.salesianos.edu\/colegio\/","name":"Colegio","description":"P\u00e1gina oficial de Salesianos Ibi","potentialAction":[{"@type":"SearchAction","target":{"@type":"EntryPoint","urlTemplate":"https:\/\/ibi.salesianos.edu\/colegio\/?s={search_term_string}"},"query-input":{"@type":"PropertyValueSpecification","valueRequired":true,"valueName":"search_term_string"}}],"inLanguage":"es"}]}},"_links":{"self":[{"href":"https:\/\/ibi.salesianos.edu\/colegio\/wp-json\/wp\/v2\/pages\/4674","targetHints":{"allow":["GET"]}}],"collection":[{"href":"https:\/\/ibi.salesianos.edu\/colegio\/wp-json\/wp\/v2\/pages"}],"about":[{"href":"https:\/\/ibi.salesianos.edu\/colegio\/wp-json\/wp\/v2\/types\/page"}],"author":[{"embeddable":true,"href":"https:\/\/ibi.salesianos.edu\/colegio\/wp-json\/wp\/v2\/users\/3"}],"replies":[{"embeddable":true,"href":"https:\/\/ibi.salesianos.edu\/colegio\/wp-json\/wp\/v2\/comments?post=4674"}],"version-history":[{"count":14,"href":"https:\/\/ibi.salesianos.edu\/colegio\/wp-json\/wp\/v2\/pages\/4674\/revisions"}],"predecessor-version":[{"id":10301,"href":"https:\/\/ibi.salesianos.edu\/colegio\/wp-json\/wp\/v2\/pages\/4674\/revisions\/10301"}],"wp:attachment":[{"href":"https:\/\/ibi.salesianos.edu\/colegio\/wp-json\/wp\/v2\/media?parent=4674"}],"curies":[{"name":"wp","href":"https:\/\/api.w.org\/{rel}","templated":true}]}}